{"id":143,"date":"2025-07-07T22:41:16","date_gmt":"2025-07-07T22:41:16","guid":{"rendered":"https:\/\/reis.ee\/test\/?page_id=143"},"modified":"2025-11-06T08:13:41","modified_gmt":"2025-11-06T08:13:41","slug":"tellimusveod-ja-teenused","status":"publish","type":"page","link":"https:\/\/reis.ee\/test\/tellimusveod-ja-teenused\/","title":{"rendered":"Tellimusveod ja teenused"},"content":{"rendered":"\t\t<div data-elementor-type=\"wp-page\" data-elementor-id=\"143\" class=\"elementor elementor-143\" data-elementor-post-type=\"page\">\n\t\t\t\t<div class=\"elementor-element elementor-element-d02fbfb e-flex e-con-boxed e-con e-parent\" data-id=\"d02fbfb\" data-element_type=\"container\">\n\t\t\t\t\t<div class=\"e-con-inner\">\n\t\t<div class=\"elementor-element elementor-element-4bb1c0e e-con-full e-flex e-con e-child\" data-id=\"4bb1c0e\" data-element_type=\"container\" data-settings=\"{&quot;background_background&quot;:&quot;classic&quot;}\">\n\t\t\t\t<div class=\"elementor-element elementor-element-5630659 elementor-widget elementor-widget-heading\" data-id=\"5630659\" data-element_type=\"widget\" data-widget_type=\"heading.default\">\n\t\t\t\t\t<h1 class=\"elementor-heading-title elementor-size-default\"><b>Tellimusveod<\/b> ja <b>teenused<\/b><\/h1>\t\t\t\t<\/div>\n\t\t\t\t<\/div>\n\t\t<div class=\"elementor-element elementor-element-a1a3bc3 e-grid e-con-full e-con e-child\" data-id=\"a1a3bc3\" data-element_type=\"container\">\n\t\t<div class=\"elementor-element elementor-element-02199b2 e-con-full entrance e-flex e-con e-child\" data-id=\"02199b2\" data-element_type=\"container\" id=\"ekskursioonibussid\" data-settings=\"{&quot;background_background&quot;:&quot;classic&quot;}\">\n\t\t<div class=\"elementor-element elementor-element-a9bc392 e-con-full e-flex e-con e-child\" data-id=\"a9bc392\" data-element_type=\"container\">\n\t\t\t\t<div class=\"elementor-element elementor-element-ffa945f elementor-widget elementor-widget-heading\" data-id=\"ffa945f\" data-element_type=\"widget\" data-widget_type=\"heading.default\">\n\t\t\t\t\t<h2 class=\"elementor-heading-title elementor-size-default\">Bussireisid koolidele ja lasteaedadele<\/h2>\t\t\t\t<\/div>\n\t\t\t\t<div class=\"elementor-element elementor-element-5212804 elementor-widget elementor-widget-text-editor\" data-id=\"5212804\" data-element_type=\"widget\" data-widget_type=\"text-editor.default\">\n\t\t\t\t\t\t\t\t\t<p>Pakume mugavat ja turvalist bussitransporti koolide ja lasteaedade v\u00e4ljas\u00f5itudeks \u2013 olgu selleks klassiekskursioon, spordiv\u00f5istlus v\u00f5i m\u00f5ni muu \u00f5pilasreis. S\u00f5idame nii Eestis kui ka v\u00e4lismaal. Meie bussipargis on 6\u201360-kohalised, h\u00e4sti hooldatud ja kaasaegse varustusega bussid (WC, kliimaseade, 220V, WiFi, mikrofon jm). K\u00f5ik s\u00f5idukid vastavad turvan\u00f5uetele ning sobivad suurep\u00e4raselt igas vanuses lastele. Kogenud ja s\u00f5bralikud juhid tagavad, et reis kulgeks meeldivalt ja muretult.<\/p>\t\t\t\t\t\t\t\t<\/div>\n\t\t\t\t<div class=\"elementor-element elementor-element-d339703 elementor-widget elementor-widget-button\" data-id=\"d339703\" data-element_type=\"widget\" data-widget_type=\"button.default\">\n\t\t\t\t\t\t\t\t\t\t<a class=\"elementor-button elementor-button-link elementor-size-sm\" href=\"https:\/\/reis.ee\/test\/bussi-tellimine\/#planeeri-reis\">\n\t\t\t\t\t\t<span class=\"elementor-button-content-wrapper\">\n\t\t\t\t\t\t<span class=\"elementor-button-icon\">\n\t\t\t\t<svg xmlns=\"http:\/\/www.w3.org\/2000\/svg\" id=\"uuid-f66ea859-52de-4c6c-a11e-18c512a8e543\" viewBox=\"0 0 24 24\"><g id=\"uuid-b606e891-f580-477a-a7f0-c7cd40239af3\"><path d=\"M21.021,5.074L2.486,23.597c-.275.275-.621.409-1.037.403-.416-.006-.762-.147-1.037-.422C.137,23.302,0,22.96,0,22.55c0-.41.137-.752.412-1.028L18.928,2.98H2.65c-.422,0-.776-.143-1.062-.429-.285-.286-.428-.64-.428-1.062,0-.423.143-.776.428-1.061.286-.285.639-.428,1.062-.428h19.554c.509,0,.935.172,1.279.516s.516.771.516,1.279v19.562c0,.422-.143.776-.428,1.061-.286.286-.639.429-1.062.429s-.776-.143-1.062-.429c-.285-.285-.427-.639-.427-1.061V5.074Z\"><\/path><\/g><\/svg>\t\t\t<\/span>\n\t\t\t\t\t\t\t\t\t<span class=\"elementor-button-text\">Telli buss<\/span>\n\t\t\t\t\t<\/span>\n\t\t\t\t\t<\/a>\n\t\t\t\t\t\t\t\t<\/div>\n\t\t\t\t<\/div>\n\t\t\t\t<\/div>\n\t\t<div class=\"elementor-element elementor-element-e015445 e-con-full entrance e-flex e-con e-child\" data-id=\"e015445\" data-element_type=\"container\" id=\"turismibussid-spordiklubidele\" data-settings=\"{&quot;background_background&quot;:&quot;classic&quot;}\">\n\t\t<div class=\"elementor-element elementor-element-4713a2c e-con-full e-flex e-con e-child\" data-id=\"4713a2c\" data-element_type=\"container\">\n\t\t\t\t<div class=\"elementor-element elementor-element-d57ec96 elementor-widget elementor-widget-heading\" data-id=\"d57ec96\" data-element_type=\"widget\" data-widget_type=\"heading.default\">\n\t\t\t\t\t<h2 class=\"elementor-heading-title elementor-size-default\">Bussid spordiklubidele<\/h2>\t\t\t\t<\/div>\n\t\t\t\t<div class=\"elementor-element elementor-element-7423d79 elementor-widget elementor-widget-text-editor\" data-id=\"7423d79\" data-element_type=\"widget\" data-widget_type=\"text-editor.default\">\n\t\t\t\t\t\t\t\t\t<p>Olgu ees ootamas v\u00f5istlus, treeninglaager v\u00f5i hooaja avas\u00f5it \u2013 meie bussid viivad teie meeskonna mugavalt ja turvaliselt kohale. 6\u201360-kohalised s\u00f5idukid on ruumikad, varustatud WiFi, kliimaseadme, WC ja 220V pistikutega ning mahutavad ka kogu spordivarustuse. Meie professionaalsed juhid tagavad sujuva ja kindla s\u00f5idu, et sportlased saaksid keskenduda tulemusele.<\/p>\t\t\t\t\t\t\t\t<\/div>\n\t\t\t\t<div class=\"elementor-element elementor-element-012e546 elementor-widget elementor-widget-button\" data-id=\"012e546\" data-element_type=\"widget\" data-widget_type=\"button.default\">\n\t\t\t\t\t\t\t\t\t\t<a class=\"elementor-button elementor-button-link elementor-size-sm\" href=\"https:\/\/reis.ee\/test\/bussi-tellimine\/#planeeri-reis\">\n\t\t\t\t\t\t<span class=\"elementor-button-content-wrapper\">\n\t\t\t\t\t\t<span class=\"elementor-button-icon\">\n\t\t\t\t<svg xmlns=\"http:\/\/www.w3.org\/2000\/svg\" id=\"uuid-f66ea859-52de-4c6c-a11e-18c512a8e543\" viewBox=\"0 0 24 24\"><g id=\"uuid-b606e891-f580-477a-a7f0-c7cd40239af3\"><path d=\"M21.021,5.074L2.486,23.597c-.275.275-.621.409-1.037.403-.416-.006-.762-.147-1.037-.422C.137,23.302,0,22.96,0,22.55c0-.41.137-.752.412-1.028L18.928,2.98H2.65c-.422,0-.776-.143-1.062-.429-.285-.286-.428-.64-.428-1.062,0-.423.143-.776.428-1.061.286-.285.639-.428,1.062-.428h19.554c.509,0,.935.172,1.279.516s.516.771.516,1.279v19.562c0,.422-.143.776-.428,1.061-.286.286-.639.429-1.062.429s-.776-.143-1.062-.429c-.285-.285-.427-.639-.427-1.061V5.074Z\"><\/path><\/g><\/svg>\t\t\t<\/span>\n\t\t\t\t\t\t\t\t\t<span class=\"elementor-button-text\">Telli buss<\/span>\n\t\t\t\t\t<\/span>\n\t\t\t\t\t<\/a>\n\t\t\t\t\t\t\t\t<\/div>\n\t\t\t\t<\/div>\n\t\t\t\t<\/div>\n\t\t<div class=\"elementor-element elementor-element-3d9e9a4 e-con-full entrance e-flex e-con e-child\" data-id=\"3d9e9a4\" data-element_type=\"container\" id=\"transfeer\" data-settings=\"{&quot;background_background&quot;:&quot;classic&quot;}\">\n\t\t<div class=\"elementor-element elementor-element-953ac5f e-con-full e-flex e-con e-child\" data-id=\"953ac5f\" data-element_type=\"container\">\n\t\t\t\t<div class=\"elementor-element elementor-element-2b6b635 elementor-widget elementor-widget-heading\" data-id=\"2b6b635\" data-element_type=\"widget\" data-widget_type=\"heading.default\">\n\t\t\t\t\t<h2 class=\"elementor-heading-title elementor-size-default\">Transfeer<\/h2>\t\t\t\t<\/div>\n\t\t\t\t<div class=\"elementor-element elementor-element-0d0cdd0 elementor-widget elementor-widget-text-editor\" data-id=\"0d0cdd0\" data-element_type=\"widget\" data-widget_type=\"text-editor.default\">\n\t\t\t\t\t\t\t\t\t<p>Olgu vaja transporti lennujaama, hotelli, sadamasse v\u00f5i \u00fcritusele \u2013 meie transfeerteenus viib teid kiiresti ja mugavalt sihtkohta. Bussid mahutavad 6\u201360 reisijat ning on kaasaegsed, puhtad ja h\u00e4sti hooldatud. Meie professionaalsed juhid hoolitsevad, et s\u00f5it kulgeks t\u00e4pselt, turvaliselt ja muretult.<\/p>\t\t\t\t\t\t\t\t<\/div>\n\t\t\t\t<div class=\"elementor-element elementor-element-e6c9610 elementor-widget elementor-widget-button\" data-id=\"e6c9610\" data-element_type=\"widget\" data-widget_type=\"button.default\">\n\t\t\t\t\t\t\t\t\t\t<a class=\"elementor-button elementor-button-link elementor-size-sm\" href=\"https:\/\/reis.ee\/test\/bussi-tellimine\/#planeeri-reis\">\n\t\t\t\t\t\t<span class=\"elementor-button-content-wrapper\">\n\t\t\t\t\t\t<span class=\"elementor-button-icon\">\n\t\t\t\t<svg xmlns=\"http:\/\/www.w3.org\/2000\/svg\" id=\"uuid-f66ea859-52de-4c6c-a11e-18c512a8e543\" viewBox=\"0 0 24 24\"><g id=\"uuid-b606e891-f580-477a-a7f0-c7cd40239af3\"><path d=\"M21.021,5.074L2.486,23.597c-.275.275-.621.409-1.037.403-.416-.006-.762-.147-1.037-.422C.137,23.302,0,22.96,0,22.55c0-.41.137-.752.412-1.028L18.928,2.98H2.65c-.422,0-.776-.143-1.062-.429-.285-.286-.428-.64-.428-1.062,0-.423.143-.776.428-1.061.286-.285.639-.428,1.062-.428h19.554c.509,0,.935.172,1.279.516s.516.771.516,1.279v19.562c0,.422-.143.776-.428,1.061-.286.286-.639.429-1.062.429s-.776-.143-1.062-.429c-.285-.285-.427-.639-.427-1.061V5.074Z\"><\/path><\/g><\/svg>\t\t\t<\/span>\n\t\t\t\t\t\t\t\t\t<span class=\"elementor-button-text\">Telli buss<\/span>\n\t\t\t\t\t<\/span>\n\t\t\t\t\t<\/a>\n\t\t\t\t\t\t\t\t<\/div>\n\t\t\t\t<\/div>\n\t\t\t\t<\/div>\n\t\t<div class=\"elementor-element elementor-element-c2bfa19 e-con-full entrance e-flex e-con e-child\" data-id=\"c2bfa19\" data-element_type=\"container\" id=\"turismibussid-reisikorraldajatele\" data-settings=\"{&quot;background_background&quot;:&quot;classic&quot;}\">\n\t\t<div class=\"elementor-element elementor-element-41a574e e-con-full e-flex e-con e-child\" data-id=\"41a574e\" data-element_type=\"container\">\n\t\t\t\t<div class=\"elementor-element elementor-element-a0e30ba elementor-widget elementor-widget-heading\" data-id=\"a0e30ba\" data-element_type=\"widget\" data-widget_type=\"heading.default\">\n\t\t\t\t\t<h2 class=\"elementor-heading-title elementor-size-default\">Bussid reisikorraldajatele<\/h2>\t\t\t\t<\/div>\n\t\t\t\t<div class=\"elementor-element elementor-element-dba2cd2 elementor-widget elementor-widget-text-editor\" data-id=\"dba2cd2\" data-element_type=\"widget\" data-widget_type=\"text-editor.default\">\n\t\t\t\t\t\t\t\t\t<p>Teeme koost\u00f6\u00f6d reisib\u00fcroode ja reisikorraldajatega, pakkudes tellimusreise Eestis ja v\u00e4lismaal. Meie bussipargis on eri suuruse ja mugavusastmega s\u00f5idukid, mis sobivad suurep\u00e4raselt kultuuri- ja ringreisideks, p\u00e4evareisideks ning muude gruppide v\u00e4ljas\u00f5itudeks. K\u00f5ik bussid on kaasaegsed, tehniliselt laitmatus korras ja vastavad k\u00f5rgetele turva- ning mugavusn\u00f5uetele. Pakume paindlikku ajakava ja personaalset l\u00e4henemist igale reisiprojektile.<\/p>\t\t\t\t\t\t\t\t<\/div>\n\t\t\t\t<div class=\"elementor-element elementor-element-8f04db0 elementor-widget elementor-widget-button\" data-id=\"8f04db0\" data-element_type=\"widget\" data-widget_type=\"button.default\">\n\t\t\t\t\t\t\t\t\t\t<a class=\"elementor-button elementor-button-link elementor-size-sm\" href=\"https:\/\/reis.ee\/test\/bussi-tellimine\/#planeeri-reis\">\n\t\t\t\t\t\t<span class=\"elementor-button-content-wrapper\">\n\t\t\t\t\t\t<span class=\"elementor-button-icon\">\n\t\t\t\t<svg xmlns=\"http:\/\/www.w3.org\/2000\/svg\" id=\"uuid-f66ea859-52de-4c6c-a11e-18c512a8e543\" viewBox=\"0 0 24 24\"><g id=\"uuid-b606e891-f580-477a-a7f0-c7cd40239af3\"><path d=\"M21.021,5.074L2.486,23.597c-.275.275-.621.409-1.037.403-.416-.006-.762-.147-1.037-.422C.137,23.302,0,22.96,0,22.55c0-.41.137-.752.412-1.028L18.928,2.98H2.65c-.422,0-.776-.143-1.062-.429-.285-.286-.428-.64-.428-1.062,0-.423.143-.776.428-1.061.286-.285.639-.428,1.062-.428h19.554c.509,0,.935.172,1.279.516s.516.771.516,1.279v19.562c0,.422-.143.776-.428,1.061-.286.286-.639.429-1.062.429s-.776-.143-1.062-.429c-.285-.285-.427-.639-.427-1.061V5.074Z\"><\/path><\/g><\/svg>\t\t\t<\/span>\n\t\t\t\t\t\t\t\t\t<span class=\"elementor-button-text\">Telli buss<\/span>\n\t\t\t\t\t<\/span>\n\t\t\t\t\t<\/a>\n\t\t\t\t\t\t\t\t<\/div>\n\t\t\t\t<\/div>\n\t\t\t\t<\/div>\n\t\t\t\t<\/div>\n\t\t<div class=\"elementor-element elementor-element-888cb39 e-con-full entrance e-flex e-con e-child\" data-id=\"888cb39\" data-element_type=\"container\" id=\"tootajate-vedu\" data-settings=\"{&quot;background_background&quot;:&quot;classic&quot;}\">\n\t\t<div class=\"elementor-element elementor-element-e9ca50e e-con-full e-flex e-con e-child\" data-id=\"e9ca50e\" data-element_type=\"container\">\n\t\t\t\t<div class=\"elementor-element elementor-element-98ca607 elementor-widget elementor-widget-heading\" data-id=\"98ca607\" data-element_type=\"widget\" data-widget_type=\"heading.default\">\n\t\t\t\t\t<h2 class=\"elementor-heading-title elementor-size-default\">T\u00f6\u00f6tajate vedu<\/h2>\t\t\t\t<\/div>\n\t\t\t\t<div class=\"elementor-element elementor-element-efe43eb elementor-widget elementor-widget-text-editor\" data-id=\"efe43eb\" data-element_type=\"widget\" data-widget_type=\"text-editor.default\">\n\t\t\t\t\t\t\t\t\t<p>Pakume ettev\u00f5tetele igap\u00e4evast t\u00f6\u00f6tajate transporti t\u00f6\u00f6le ja tagasi, tagades t\u00e4psuse, mugavuse ja usaldusv\u00e4\u00e4rsuse. Lisaks korraldame erivedusid koolitustele, seminaridele ja ettev\u00f5tte\u00fcritustele. Meie kaasaegsed bussid on puhtad, hooldatud ja varustatud mugavustega, et s\u00f5it oleks meeldiv igal kellaajal.<\/p>\t\t\t\t\t\t\t\t<\/div>\n\t\t\t\t<\/div>\n\t\t<div class=\"elementor-element elementor-element-a5592e5 e-con-full e-flex e-con e-child\" data-id=\"a5592e5\" data-element_type=\"container\">\n\t\t\t\t<div class=\"elementor-element elementor-element-6a3c848 elementor-widget elementor-widget-text-editor\" data-id=\"6a3c848\" data-element_type=\"widget\" data-widget_type=\"text-editor.default\">\n\t\t\t\t\t\t\t\t\t<p>T\u00f6\u00f6liste veo hinnapakkumise saamiseks v\u00f5ta \u00fchendust<\/p>\t\t\t\t\t\t\t\t<\/div>\n\t\t\t\t<div class=\"elementor-element elementor-element-b45c419 elementor-widget elementor-widget-button\" data-id=\"b45c419\" data-element_type=\"widget\" data-widget_type=\"button.default\">\n\t\t\t\t\t\t\t\t\t\t<a class=\"elementor-button elementor-button-link elementor-size-sm\" href=\"mailto:%20rakvere@reis.ee\">\n\t\t\t\t\t\t<span class=\"elementor-button-content-wrapper\">\n\t\t\t\t\t\t<span class=\"elementor-button-icon\">\n\t\t\t\t<svg xmlns=\"http:\/\/www.w3.org\/2000\/svg\" id=\"uuid-f66ea859-52de-4c6c-a11e-18c512a8e543\" viewBox=\"0 0 24 24\"><g id=\"uuid-b606e891-f580-477a-a7f0-c7cd40239af3\"><path d=\"M21.021,5.074L2.486,23.597c-.275.275-.621.409-1.037.403-.416-.006-.762-.147-1.037-.422C.137,23.302,0,22.96,0,22.55c0-.41.137-.752.412-1.028L18.928,2.98H2.65c-.422,0-.776-.143-1.062-.429-.285-.286-.428-.64-.428-1.062,0-.423.143-.776.428-1.061.286-.285.639-.428,1.062-.428h19.554c.509,0,.935.172,1.279.516s.516.771.516,1.279v19.562c0,.422-.143.776-.428,1.061-.286.286-.639.429-1.062.429s-.776-.143-1.062-.429c-.285-.285-.427-.639-.427-1.061V5.074Z\"><\/path><\/g><\/svg>\t\t\t<\/span>\n\t\t\t\t\t\t\t\t\t<span class=\"elementor-button-text\">rakvere@reis.ee<\/span>\n\t\t\t\t\t<\/span>\n\t\t\t\t\t<\/a>\n\t\t\t\t\t\t\t\t<\/div>\n\t\t\t\t<div class=\"elementor-element elementor-element-cf2f6bd elementor-widget elementor-widget-button\" data-id=\"cf2f6bd\" data-element_type=\"widget\" data-widget_type=\"button.default\">\n\t\t\t\t\t\t\t\t\t\t<a class=\"elementor-button elementor-button-link elementor-size-sm\" href=\"tel:%20+372%2050%2025%20996\">\n\t\t\t\t\t\t<span class=\"elementor-button-content-wrapper\">\n\t\t\t\t\t\t<span class=\"elementor-button-icon\">\n\t\t\t\t<svg xmlns=\"http:\/\/www.w3.org\/2000\/svg\" id=\"uuid-f66ea859-52de-4c6c-a11e-18c512a8e543\" viewBox=\"0 0 24 24\"><g id=\"uuid-b606e891-f580-477a-a7f0-c7cd40239af3\"><path d=\"M21.021,5.074L2.486,23.597c-.275.275-.621.409-1.037.403-.416-.006-.762-.147-1.037-.422C.137,23.302,0,22.96,0,22.55c0-.41.137-.752.412-1.028L18.928,2.98H2.65c-.422,0-.776-.143-1.062-.429-.285-.286-.428-.64-.428-1.062,0-.423.143-.776.428-1.061.286-.285.639-.428,1.062-.428h19.554c.509,0,.935.172,1.279.516s.516.771.516,1.279v19.562c0,.422-.143.776-.428,1.061-.286.286-.639.429-1.062.429s-.776-.143-1.062-.429c-.285-.285-.427-.639-.427-1.061V5.074Z\"><\/path><\/g><\/svg>\t\t\t<\/span>\n\t\t\t\t\t\t\t\t\t<span class=\"elementor-button-text\">+372 50 25 996<\/span>\n\t\t\t\t\t<\/span>\n\t\t\t\t\t<\/a>\n\t\t\t\t\t\t\t\t<\/div>\n\t\t\t\t<\/div>\n\t\t\t\t<\/div>\n\t\t\t\t\t<\/div>\n\t\t\t\t<\/div>\n\t\t\t\t<\/div>\n\t\t","protected":false},"excerpt":{"rendered":"<p>Tellimusveod ja teenused Bussireisid koolidele ja lasteaedadele Pakume mugavat ja turvalist bussitransporti koolide ja lasteaedade v\u00e4ljas\u00f5itudeks \u2013 olgu selleks klassiekskursioon, spordiv\u00f5istlus v\u00f5i m\u00f5ni muu \u00f5pilasreis. S\u00f5idame nii Eestis kui ka v\u00e4lismaal. Meie bussipargis on 6\u201360-kohalised, h\u00e4sti hooldatud ja kaasaegse varustusega bussid (WC, kliimaseade, 220V, WiFi, mikrofon jm). K\u00f5ik s\u00f5idukid vastavad turvan\u00f5uetele ning sobivad suurep\u00e4raselt igas [&hellip;]<\/p>\n","protected":false},"author":1,"featured_media":0,"parent":0,"menu_order":0,"comment_status":"closed","ping_status":"closed","template":"","meta":{"footnotes":""},"class_list":["post-143","page","type-page","status-publish","hentry"],"_links":{"self":[{"href":"https:\/\/reis.ee\/test\/wp-json\/wp\/v2\/pages\/143","targetHints":{"allow":["GET"]}}],"collection":[{"href":"https:\/\/reis.ee\/test\/wp-json\/wp\/v2\/pages"}],"about":[{"href":"https:\/\/reis.ee\/test\/wp-json\/wp\/v2\/types\/page"}],"author":[{"embeddable":true,"href":"https:\/\/reis.ee\/test\/wp-json\/wp\/v2\/users\/1"}],"replies":[{"embeddable":true,"href":"https:\/\/reis.ee\/test\/wp-json\/wp\/v2\/comments?post=143"}],"version-history":[{"count":114,"href":"https:\/\/reis.ee\/test\/wp-json\/wp\/v2\/pages\/143\/revisions"}],"predecessor-version":[{"id":6051,"href":"https:\/\/reis.ee\/test\/wp-json\/wp\/v2\/pages\/143\/revisions\/6051"}],"wp:attachment":[{"href":"https:\/\/reis.ee\/test\/wp-json\/wp\/v2\/media?parent=143"}],"curies":[{"name":"wp","href":"https:\/\/api.w.org\/{rel}","templated":true}]}}