{"id":4285,"date":"2025-07-07T22:41:37","date_gmt":"2025-07-07T22:41:37","guid":{"rendered":"https:\/\/reis.ee\/contact\/"},"modified":"2026-02-09T19:27:27","modified_gmt":"2026-02-09T19:27:27","slug":"contact","status":"publish","type":"page","link":"https:\/\/reis.ee\/en\/contact\/","title":{"rendered":"Contact"},"content":{"rendered":"\t\t<div data-elementor-type=\"wp-page\" data-elementor-id=\"4285\" class=\"elementor elementor-4285 elementor-151\" data-elementor-post-type=\"page\">\n\t\t\t\t<div class=\"elementor-element elementor-element-cec1a51 e-flex e-con-boxed e-con e-parent\" data-id=\"cec1a51\" data-element_type=\"container\" data-e-type=\"container\">\n\t\t\t\t\t<div class=\"e-con-inner\">\n\t\t<div class=\"elementor-element elementor-element-f1661cc e-con-full entrance e-flex e-con e-child\" data-id=\"f1661cc\" data-element_type=\"container\" data-e-type=\"container\">\n\t\t\t\t<div class=\"elementor-element elementor-element-92333d4 elementor-widget elementor-widget-heading\" data-id=\"92333d4\" data-element_type=\"widget\" data-e-type=\"widget\" data-widget_type=\"heading.default\">\n\t\t\t\t\t<h1 class=\"elementor-heading-title elementor-size-default\">Write to us<\/h1>\t\t\t\t<\/div>\n\t\t\t\t<div class=\"elementor-element elementor-element-e7afb7e elementor-button-align-end elementor-widget elementor-widget-form\" data-id=\"e7afb7e\" data-element_type=\"widget\" data-e-type=\"widget\" data-settings=\"{&quot;step_next_label&quot;:&quot;Next&quot;,&quot;step_previous_label&quot;:&quot;Previous&quot;,&quot;step_type&quot;:&quot;number_text&quot;,&quot;step_icon_shape&quot;:&quot;circle&quot;}\" data-widget_type=\"form.default\">\n\t\t\t\t\t\t\t<form class=\"elementor-form\" method=\"post\" name=\"New Form\" aria-label=\"New Form\">\n\t\t\t<input type=\"hidden\" name=\"post_id\" value=\"4285\"\/>\n\t\t\t<input type=\"hidden\" name=\"form_id\" value=\"e7afb7e\"\/>\n\t\t\t<input type=\"hidden\" name=\"referer_title\" value=\"MK Reis O&Uuml;\" \/>\n\n\t\t\t\n\t\t\t<div class=\"elementor-form-fields-wrapper elementor-labels-above\">\n\t\t\t\t\t\t\t\t<div class=\"elementor-field-type-text elementor-field-group elementor-column elementor-field-group-name elementor-col-50 elementor-md-100 elementor-field-required\">\n\t\t\t\t\t\t\t\t\t\t\t\t\t<input size=\"1\" type=\"text\" name=\"form_fields[name]\" id=\"form-field-name\" class=\"elementor-field elementor-size-md  elementor-field-textual\" placeholder=\"Name\" required=\"required\">\n\t\t\t\t\t\t\t\t\t\t\t<\/div>\n\t\t\t\t\t\t\t\t<div class=\"elementor-field-type-email elementor-field-group elementor-column elementor-field-group-mail elementor-col-50 elementor-md-100 elementor-field-required\">\n\t\t\t\t\t\t\t\t\t\t\t\t\t<input size=\"1\" type=\"email\" name=\"form_fields[mail]\" id=\"form-field-mail\" class=\"elementor-field elementor-size-md  elementor-field-textual\" placeholder=\"E-mail\" required=\"required\">\n\t\t\t\t\t\t\t\t\t\t\t<\/div>\n\t\t\t\t\t\t\t\t<div class=\"elementor-field-type-text elementor-field-group elementor-column elementor-field-group-pealkiri elementor-col-100 elementor-md-100 elementor-field-required\">\n\t\t\t\t\t\t\t\t\t\t\t\t\t<input size=\"1\" type=\"text\" name=\"form_fields[pealkiri]\" id=\"form-field-pealkiri\" class=\"elementor-field elementor-size-md  elementor-field-textual\" placeholder=\"Title of the letter\" required=\"required\">\n\t\t\t\t\t\t\t\t\t\t\t<\/div>\n\t\t\t\t\t\t\t\t<div class=\"elementor-field-type-textarea elementor-field-group elementor-column elementor-field-group-message elementor-col-100 elementor-md-100 elementor-field-required\">\n\t\t\t\t\t<textarea class=\"elementor-field-textual elementor-field  elementor-size-md\" name=\"form_fields[message]\" id=\"form-field-message\" rows=\"8\" placeholder=\"Content of the letter\" required=\"required\"><\/textarea>\t\t\t\t<\/div>\n\t\t\t\t\t\t\t\t<div class=\"elementor-field-group elementor-column elementor-field-type-submit elementor-col-100 e-form__buttons\">\n\t\t\t\t\t<button class=\"elementor-button elementor-size-xs\" type=\"submit\">\n\t\t\t\t\t\t<span class=\"elementor-button-content-wrapper\">\n\t\t\t\t\t\t\t\t\t\t\t\t\t\t\t\t\t\t\t\t\t\t<span class=\"elementor-button-text\">Send Inquiry<\/span>\n\t\t\t\t\t\t\t\t\t\t\t\t\t<\/span>\n\t\t\t\t\t<\/button>\n\t\t\t\t<\/div>\n\t\t\t<\/div>\n\t\t<\/form>\n\t\t\t\t\t\t<\/div>\n\t\t\t\t<\/div>\n\t\t<div class=\"elementor-element elementor-element-2c00f84 e-con-full shadowbox entrance e-flex e-con e-child\" data-id=\"2c00f84\" data-element_type=\"container\" data-e-type=\"container\">\n\t\t<div class=\"elementor-element elementor-element-39bf1cc e-con-full e-grid e-con e-child\" data-id=\"39bf1cc\" data-element_type=\"container\" data-e-type=\"container\">\n\t\t<div class=\"elementor-element elementor-element-8077dd8 e-con-full e-flex e-con e-child\" data-id=\"8077dd8\" data-element_type=\"container\" data-e-type=\"container\">\n\t\t\t\t<div class=\"elementor-element elementor-element-7f6508e elementor-widget elementor-widget-heading\" data-id=\"7f6508e\" data-element_type=\"widget\" data-e-type=\"widget\" data-widget_type=\"heading.default\">\n\t\t\t\t\t<h2 class=\"elementor-heading-title elementor-size-default\">MK Reis O\u00dc<\/h2>\t\t\t\t<\/div>\n\t\t\t\t<div class=\"elementor-element elementor-element-c10afe7 elementor-widget elementor-widget-text-editor\" data-id=\"c10afe7\" data-element_type=\"widget\" data-e-type=\"widget\" data-widget_type=\"text-editor.default\">\n\t\t\t\t\t\t\t\t\t<p><strong>Address<br><\/strong><a href=\"https:\/\/www.google.com\/maps\/place\/F.+R.+Kreutzwaldi+tn+28,+Rakvere,+44314+L%C3%A4%C3%A4ne-Viru+maakond\/@59.3527348,26.3303148,444m\/data=!3m2!1e3!4b1!4m6!3m5!1s0x469375b51d2cfffb:0x24b504f4c5eb1e76!8m2!3d59.3527348!4d26.3328897!16s%2Fg%2F11c1d6f51m?entry=ttu&amp;g_ep=EgoyMDI1MDkxNS4wIKXMDSoASAFQAw%3D%3D\">Fr. R. Kreutzwaldi 28,<br>44314 Rakvere<\/a><\/p><p><strong>Email<\/strong><br><a href=\"mailto:info@reis.ee\">info@reis.ee<\/a><\/p>\t\t\t\t\t\t\t\t<\/div>\n\t\t\t\t<\/div>\n\t\t<div class=\"elementor-element elementor-element-003c204 e-con-full e-flex e-con e-child\" data-id=\"003c204\" data-element_type=\"container\" data-e-type=\"container\">\n\t\t\t\t<div class=\"elementor-element elementor-element-6157d30 elementor-widget elementor-widget-heading\" data-id=\"6157d30\" data-element_type=\"widget\" data-e-type=\"widget\" data-widget_type=\"heading.default\">\n\t\t\t\t\t<h2 class=\"elementor-heading-title elementor-size-default\">L\u00e4\u00e4ne-Viru County\n<\/h2>\t\t\t\t<\/div>\n\t\t\t\t<div class=\"elementor-element elementor-element-eb0f8f1 elementor-widget elementor-widget-text-editor\" data-id=\"eb0f8f1\" data-element_type=\"widget\" data-e-type=\"widget\" data-widget_type=\"text-editor.default\">\n\t\t\t\t\t\t\t\t\t<p><strong>Telephone<\/strong><br><a href=\"tel:%20+372%205025996\">+372 50 25 996<\/a><br>Mon\u2013Fri 08:00\u201317:00<\/p><p><strong>Email<\/strong><br><a href=\"mailto:rakvere@reis.ee\">rakvere@reis.ee<\/a><\/p>\t\t\t\t\t\t\t\t<\/div>\n\t\t\t\t<\/div>\n\t\t<div class=\"elementor-element elementor-element-8193a48 e-con-full e-flex e-con e-child\" data-id=\"8193a48\" data-element_type=\"container\" data-e-type=\"container\">\n\t\t\t\t<div class=\"elementor-element elementor-element-0be1f0b elementor-widget elementor-widget-heading\" data-id=\"0be1f0b\" data-element_type=\"widget\" data-e-type=\"widget\" data-widget_type=\"heading.default\">\n\t\t\t\t\t<h2 class=\"elementor-heading-title elementor-size-default\">L\u00e4\u00e4ne County<\/h2>\t\t\t\t<\/div>\n\t\t\t\t<div class=\"elementor-element elementor-element-ec98ccc elementor-widget elementor-widget-text-editor\" data-id=\"ec98ccc\" data-element_type=\"widget\" data-e-type=\"widget\" data-widget_type=\"text-editor.default\">\n\t\t\t\t\t\t\t\t\t<p><strong>Telephone<\/strong><br><a href=\"tel:%20+372%2055564006\">+372 5556 4006<\/a><br>Mon-Fri 08:00\u201317:00<\/p><p><strong>Email<\/strong><br><a href=\"mailto:haapsalu@reis.ee\">haapsalu@reis.ee<\/a><\/p>\t\t\t\t\t\t\t\t<\/div>\n\t\t\t\t<\/div>\n\t\t<div class=\"elementor-element elementor-element-c5bbc64 e-con-full e-flex e-con e-child\" data-id=\"c5bbc64\" data-element_type=\"container\" data-e-type=\"container\">\n\t\t\t\t<div class=\"elementor-element elementor-element-cbfc4bc elementor-widget elementor-widget-heading\" data-id=\"cbfc4bc\" data-element_type=\"widget\" data-e-type=\"widget\" data-widget_type=\"heading.default\">\n\t\t\t\t\t<h2 class=\"elementor-heading-title elementor-size-default\">Ida-Viru County\n<\/h2>\t\t\t\t<\/div>\n\t\t\t\t<div class=\"elementor-element elementor-element-172008d elementor-widget elementor-widget-text-editor\" data-id=\"172008d\" data-element_type=\"widget\" data-e-type=\"widget\" data-widget_type=\"text-editor.default\">\n\t\t\t\t\t\t\t\t\t<p><strong>Telephone<\/strong><br><a href=\"tel:+37254420517\">+372 54420517<\/a><br>Mon\u2013Fri 08:00\u201317:00<\/p><p><strong>Email<\/strong><br><a href=\"mailto:idaviru@reis.ee\">idaviru@reis.ee<\/a><\/p>\t\t\t\t\t\t\t\t<\/div>\n\t\t\t\t<\/div>\n\t\t\t\t<\/div>\n\t\t\t\t<\/div>\n\t\t\t\t\t<\/div>\n\t\t\t\t<\/div>\n\t\t<div class=\"elementor-element elementor-element-f96314a e-flex e-con-boxed e-con e-parent\" data-id=\"f96314a\" data-element_type=\"container\" data-e-type=\"container\">\n\t\t\t\t\t<div class=\"e-con-inner\">\n\t\t<div class=\"elementor-element elementor-element-625d7d2 e-con-full entrance e-flex e-con e-child\" data-id=\"625d7d2\" data-element_type=\"container\" data-e-type=\"container\">\n\t\t\t\t<div class=\"elementor-element elementor-element-8ec9159 elementor-widget elementor-widget-heading\" data-id=\"8ec9159\" data-element_type=\"widget\" data-e-type=\"widget\" data-widget_type=\"heading.default\">\n\t\t\t\t\t<h2 class=\"elementor-heading-title elementor-size-default\">MK Reis O\u00dc<\/h2>\t\t\t\t<\/div>\n\t\t\t\t<div class=\"elementor-element elementor-element-f6142a3 elementor-widget elementor-widget-google_maps\" data-id=\"f6142a3\" data-element_type=\"widget\" data-e-type=\"widget\" data-widget_type=\"google_maps.default\">\n\t\t\t\t\t\t\t<div class=\"elementor-custom-embed\">\n\t\t\t<iframe loading=\"lazy\"\n\t\t\t\t\tsrc=\"https:\/\/maps.google.com\/maps?q=MK%20Reis%20O%C3%9C&#038;t=m&#038;z=12&#038;output=embed&#038;iwloc=near\"\n\t\t\t\t\ttitle=\"MK Reis O\u00dc\"\n\t\t\t\t\taria-label=\"MK Reis O\u00dc\"\n\t\t\t><\/iframe>\n\t\t<\/div>\n\t\t\t\t\t\t<\/div>\n\t\t\t\t<\/div>\n\t\t<div class=\"elementor-element elementor-element-1421f43 e-con-full entrance e-flex e-con e-child\" data-id=\"1421f43\" data-element_type=\"container\" data-e-type=\"container\">\n\t\t\t\t<div class=\"elementor-element elementor-element-27143d0 elementor-widget elementor-widget-heading\" data-id=\"27143d0\" data-element_type=\"widget\" data-e-type=\"widget\" data-widget_type=\"heading.default\">\n\t\t\t\t\t<h2 class=\"elementor-heading-title elementor-size-default\">MK Reis O\u00dc Haapsalu branch\n<\/h2>\t\t\t\t<\/div>\n\t\t\t\t<div class=\"elementor-element elementor-element-b6b1df7 elementor-widget elementor-widget-google_maps\" data-id=\"b6b1df7\" data-element_type=\"widget\" data-e-type=\"widget\" data-widget_type=\"google_maps.default\">\n\t\t\t\t\t\t\t<div class=\"elementor-custom-embed\">\n\t\t\t<iframe loading=\"lazy\"\n\t\t\t\t\tsrc=\"https:\/\/maps.google.com\/maps?q=mk%20reis%20tehnika%20p%C3%B5ik&#038;t=m&#038;z=13&#038;output=embed&#038;iwloc=near\"\n\t\t\t\t\ttitle=\"mk reis tehnika p\u00f5ik\"\n\t\t\t\t\taria-label=\"mk reis tehnika p\u00f5ik\"\n\t\t\t><\/iframe>\n\t\t<\/div>\n\t\t\t\t\t\t<\/div>\n\t\t\t\t<\/div>\n\t\t\t\t\t<\/div>\n\t\t\t\t<\/div>\n\t\t\t\t<\/div>\n\t\t","protected":false},"excerpt":{"rendered":"<p>Write to us MK Reis O\u00dc AddressFr. R. Kreutzwaldi 28,44314 Rakvere Emailinfo@reis.ee L\u00e4\u00e4ne-Viru County Telephone+372 50 25 996Mon\u2013Fri 08:00\u201317:00 Emailrakvere@reis.ee L\u00e4\u00e4ne County Telephone+372 5556 4006Mon-Fri 08:00\u201317:00 Emailhaapsalu@reis.ee Ida-Viru County Telephone+372 54420517Mon\u2013Fri 08:00\u201317:00 Emailidaviru@reis.ee MK Reis O\u00dc MK Reis O\u00dc Haapsalu branch<\/p>\n","protected":false},"author":1,"featured_media":0,"parent":0,"menu_order":0,"comment_status":"closed","ping_status":"closed","template":"","meta":{"footnotes":""},"class_list":["post-4285","page","type-page","status-publish","hentry"],"yoast_head":"<!-- This site is optimized with the Yoast SEO plugin v26.9 - https:\/\/yoast.com\/product\/yoast-seo-wordpress\/ -->\n<title>Contact | reis.ee<\/title>\n<meta name=\"description\" content=\"Get in touch with reis.ee by phone, e-mail or contact form. We will respond as quickly as possible and help you find a suitable solution.\" \/>\n<meta name=\"robots\" content=\"index, follow, max-snippet:-1, max-image-preview:large, max-video-preview:-1\" \/>\n<link rel=\"canonical\" href=\"https:\/\/reis.ee\/en\/contact\/\" \/>\n<meta property=\"og:locale\" content=\"en_US\" \/>\n<meta property=\"og:type\" content=\"article\" \/>\n<meta property=\"og:title\" content=\"Contact | reis.ee\" \/>\n<meta property=\"og:description\" content=\"Get in touch with reis.ee by phone, e-mail or contact form. We will respond as quickly as possible and help you find a suitable solution.\" \/>\n<meta property=\"og:url\" content=\"https:\/\/reis.ee\/en\/contact\/\" \/>\n<meta property=\"og:site_name\" content=\"MK Reis O&Uuml;\" \/>\n<meta property=\"article:modified_time\" content=\"2026-02-09T19:27:27+00:00\" \/>\n<meta name=\"twitter:card\" content=\"summary_large_image\" \/>\n<script type=\"application\/ld+json\" class=\"yoast-schema-graph\">{\"@context\":\"https:\/\/schema.org\",\"@graph\":[{\"@type\":\"WebPage\",\"@id\":\"https:\/\/reis.ee\/en\/contact\/\",\"url\":\"https:\/\/reis.ee\/en\/contact\/\",\"name\":\"Contact | reis.ee\",\"isPartOf\":{\"@id\":\"https:\/\/reis.ee\/en\/#website\"},\"datePublished\":\"2025-07-07T22:41:37+00:00\",\"dateModified\":\"2026-02-09T19:27:27+00:00\",\"description\":\"Get in touch with reis.ee by phone, e-mail or contact form. We will respond as quickly as possible and help you find a suitable solution.\",\"breadcrumb\":{\"@id\":\"https:\/\/reis.ee\/en\/contact\/#breadcrumb\"},\"inLanguage\":\"en-US\",\"potentialAction\":[{\"@type\":\"ReadAction\",\"target\":[\"https:\/\/reis.ee\/en\/contact\/\"]}]},{\"@type\":\"BreadcrumbList\",\"@id\":\"https:\/\/reis.ee\/en\/contact\/#breadcrumb\",\"itemListElement\":[{\"@type\":\"ListItem\",\"position\":1,\"name\":\"Esileht\",\"item\":\"https:\/\/reis.ee\/en\/home\/\"},{\"@type\":\"ListItem\",\"position\":2,\"name\":\"Contact\"}]},{\"@type\":\"WebSite\",\"@id\":\"https:\/\/reis.ee\/en\/#website\",\"url\":\"https:\/\/reis.ee\/en\/\",\"name\":\"MK Reis O\u00dc\",\"description\":\"Kommertsliinivedu, siseriiklikud kui ka rahvusvahelised tellimusveod\",\"publisher\":{\"@id\":\"https:\/\/reis.ee\/en\/#organization\"},\"potentialAction\":[{\"@type\":\"SearchAction\",\"target\":{\"@type\":\"EntryPoint\",\"urlTemplate\":\"https:\/\/reis.ee\/en\/?s={search_term_string}\"},\"query-input\":{\"@type\":\"PropertyValueSpecification\",\"valueRequired\":true,\"valueName\":\"search_term_string\"}}],\"inLanguage\":\"en-US\"},{\"@type\":\"Organization\",\"@id\":\"https:\/\/reis.ee\/en\/#organization\",\"name\":\"MK Reis O\u00dc\",\"url\":\"https:\/\/reis.ee\/en\/\",\"logo\":{\"@type\":\"ImageObject\",\"inLanguage\":\"en-US\",\"@id\":\"https:\/\/reis.ee\/en\/#\/schema\/logo\/image\/\",\"url\":\"https:\/\/reis.ee\/wp-content\/uploads\/2025\/09\/MK-Reis-logo.svg\",\"contentUrl\":\"https:\/\/reis.ee\/wp-content\/uploads\/2025\/09\/MK-Reis-logo.svg\",\"caption\":\"MK Reis O\u00dc\"},\"image\":{\"@id\":\"https:\/\/reis.ee\/en\/#\/schema\/logo\/image\/\"}}]}<\/script>\n<!-- \/ Yoast SEO plugin. -->","yoast_head_json":{"title":"Contact | reis.ee","description":"Get in touch with reis.ee by phone, e-mail or contact form. We will respond as quickly as possible and help you find a suitable solution.","robots":{"index":"index","follow":"follow","max-snippet":"max-snippet:-1","max-image-preview":"max-image-preview:large","max-video-preview":"max-video-preview:-1"},"canonical":"https:\/\/reis.ee\/en\/contact\/","og_locale":"en_US","og_type":"article","og_title":"Contact | reis.ee","og_description":"Get in touch with reis.ee by phone, e-mail or contact form. We will respond as quickly as possible and help you find a suitable solution.","og_url":"https:\/\/reis.ee\/en\/contact\/","og_site_name":"MK Reis O&Uuml;","article_modified_time":"2026-02-09T19:27:27+00:00","twitter_card":"summary_large_image","schema":{"@context":"https:\/\/schema.org","@graph":[{"@type":"WebPage","@id":"https:\/\/reis.ee\/en\/contact\/","url":"https:\/\/reis.ee\/en\/contact\/","name":"Contact | reis.ee","isPartOf":{"@id":"https:\/\/reis.ee\/en\/#website"},"datePublished":"2025-07-07T22:41:37+00:00","dateModified":"2026-02-09T19:27:27+00:00","description":"Get in touch with reis.ee by phone, e-mail or contact form. We will respond as quickly as possible and help you find a suitable solution.","breadcrumb":{"@id":"https:\/\/reis.ee\/en\/contact\/#breadcrumb"},"inLanguage":"en-US","potentialAction":[{"@type":"ReadAction","target":["https:\/\/reis.ee\/en\/contact\/"]}]},{"@type":"BreadcrumbList","@id":"https:\/\/reis.ee\/en\/contact\/#breadcrumb","itemListElement":[{"@type":"ListItem","position":1,"name":"Esileht","item":"https:\/\/reis.ee\/en\/home\/"},{"@type":"ListItem","position":2,"name":"Contact"}]},{"@type":"WebSite","@id":"https:\/\/reis.ee\/en\/#website","url":"https:\/\/reis.ee\/en\/","name":"MK Reis O\u00dc","description":"Kommertsliinivedu, siseriiklikud kui ka rahvusvahelised tellimusveod","publisher":{"@id":"https:\/\/reis.ee\/en\/#organization"},"potentialAction":[{"@type":"SearchAction","target":{"@type":"EntryPoint","urlTemplate":"https:\/\/reis.ee\/en\/?s={search_term_string}"},"query-input":{"@type":"PropertyValueSpecification","valueRequired":true,"valueName":"search_term_string"}}],"inLanguage":"en-US"},{"@type":"Organization","@id":"https:\/\/reis.ee\/en\/#organization","name":"MK Reis O\u00dc","url":"https:\/\/reis.ee\/en\/","logo":{"@type":"ImageObject","inLanguage":"en-US","@id":"https:\/\/reis.ee\/en\/#\/schema\/logo\/image\/","url":"https:\/\/reis.ee\/wp-content\/uploads\/2025\/09\/MK-Reis-logo.svg","contentUrl":"https:\/\/reis.ee\/wp-content\/uploads\/2025\/09\/MK-Reis-logo.svg","caption":"MK Reis O\u00dc"},"image":{"@id":"https:\/\/reis.ee\/en\/#\/schema\/logo\/image\/"}}]}},"_links":{"self":[{"href":"https:\/\/reis.ee\/en\/wp-json\/wp\/v2\/pages\/4285","targetHints":{"allow":["GET"]}}],"collection":[{"href":"https:\/\/reis.ee\/en\/wp-json\/wp\/v2\/pages"}],"about":[{"href":"https:\/\/reis.ee\/en\/wp-json\/wp\/v2\/types\/page"}],"author":[{"embeddable":true,"href":"https:\/\/reis.ee\/en\/wp-json\/wp\/v2\/users\/1"}],"replies":[{"embeddable":true,"href":"https:\/\/reis.ee\/en\/wp-json\/wp\/v2\/comments?post=4285"}],"version-history":[{"count":11,"href":"https:\/\/reis.ee\/en\/wp-json\/wp\/v2\/pages\/4285\/revisions"}],"predecessor-version":[{"id":6266,"href":"https:\/\/reis.ee\/en\/wp-json\/wp\/v2\/pages\/4285\/revisions\/6266"}],"wp:attachment":[{"href":"https:\/\/reis.ee\/en\/wp-json\/wp\/v2\/media?parent=4285"}],"curies":[{"name":"wp","href":"https:\/\/api.w.org\/{rel}","templated":true}]}}